{"id":10792,"date":"2023-12-21T12:30:54","date_gmt":"2023-12-21T12:30:54","guid":{"rendered":"https:\/\/marcatours.com\/politica-de-privacidad\/"},"modified":"2024-07-29T11:09:43","modified_gmt":"2024-07-29T11:09:43","slug":"politica-de-privacidad","status":"publish","type":"page","link":"https:\/\/marcatours.com\/es\/politica-de-privacidad\/","title":{"rendered":"Pol\u00edtica de privacidad"},"content":{"rendered":"\t\t<div data-elementor-type=\"wp-page\" data-elementor-id=\"10792\" class=\"elementor elementor-10792 elementor-9058\">\n\t\t\t\t\t\t\t\t\t<section class=\"elementor-section elementor-top-section elementor-element elementor-element-aa612f5 elementor-section-boxed elementor-section-height-default elementor-section-height-default\" data-id=\"aa612f5\" data-element_type=\"section\">\n\t\t\t\t\t\t<div class=\"elementor-container elementor-column-gap-default\">\n\t\t\t\t\t<div class=\"elementor-column elementor-col-100 elementor-top-column elementor-element elementor-element-1d1c531\" data-id=\"1d1c531\" data-element_type=\"column\">\n\t\t\t<div class=\"elementor-widget-wrap elementor-element-populated\">\n\t\t\t\t\t\t\t\t<div class=\"elementor-element elementor-element-c345ffd elementor-widget elementor-widget-image\" data-id=\"c345ffd\" data-element_type=\"widget\" data-widget_type=\"image.default\">\n\t\t\t\t<div class=\"elementor-widget-container\">\n\t\t\t<style>\/*! elementor - v3.16.0 - 13-09-2023 *\/\n.elementor-widget-image{text-align:center}.elementor-widget-image a{display:inline-block}.elementor-widget-image a img[src$=\".svg\"]{width:48px}.elementor-widget-image img{vertical-align:middle;display:inline-block}<\/style>\t\t\t\t\t\t\t\t\t\t\t\t<img decoding=\"async\" src=\"https:\/\/marcatours.com\/wp-content\/plugins\/elementor\/assets\/images\/placeholder.png\" title=\"\" alt=\"\" loading=\"lazy\" \/>\t\t\t\t\t\t\t\t\t\t\t\t\t\t\t<\/div>\n\t\t\t\t<\/div>\n\t\t\t\t\t<\/div>\n\t\t<\/div>\n\t\t\t\t\t\t\t<\/div>\n\t\t<\/section>\n\t\t\t\t<section class=\"elementor-section elementor-top-section elementor-element elementor-element-d3e1cc5 elementor-section-boxed elementor-section-height-default elementor-section-height-default\" data-id=\"d3e1cc5\" data-element_type=\"section\">\n\t\t\t\t\t\t<div class=\"elementor-container elementor-column-gap-default\">\n\t\t\t\t\t<div class=\"elementor-column elementor-col-100 elementor-top-column elementor-element elementor-element-43c213b\" data-id=\"43c213b\" data-element_type=\"column\">\n\t\t\t<div class=\"elementor-widget-wrap elementor-element-populated\">\n\t\t\t\t\t\t\t\t<div class=\"elementor-element elementor-element-422ddc4 elementor-widget elementor-widget-text-editor\" data-id=\"422ddc4\" data-element_type=\"widget\" data-widget_type=\"text-editor.default\">\n\t\t\t\t<div class=\"elementor-widget-container\">\n\t\t\t<style>\/*! elementor - v3.16.0 - 13-09-2023 *\/\n.elementor-widget-text-editor.elementor-drop-cap-view-stacked .elementor-drop-cap{background-color:#69727d;color:#fff}.elementor-widget-text-editor.elementor-drop-cap-view-framed .elementor-drop-cap{color:#69727d;border:3px solid;background-color:transparent}.elementor-widget-text-editor:not(.elementor-drop-cap-view-default) .elementor-drop-cap{margin-top:8px}.elementor-widget-text-editor:not(.elementor-drop-cap-view-default) .elementor-drop-cap-letter{width:1em;height:1em}.elementor-widget-text-editor .elementor-drop-cap{float:left;text-align:center;line-height:1;font-size:50px}.elementor-widget-text-editor .elementor-drop-cap-letter{display:inline-block}<\/style>\t\t\t\t<p>En Marca Tours, ofrecemos paquetes tur\u00edsticos personalizados que se adaptan a su presupuesto e intereses, manteniendo al mismo tiempo un alto nivel de servicio, seguridad y profesionalidad. Valoramos su confianza y nos esforzamos por establecer una relaci\u00f3n a largo plazo con nuestros clientes.<\/p>\n\t\t\t\t\t\t<\/div>\n\t\t\t\t<\/div>\n\t\t\t\t<div class=\"elementor-element elementor-element-6358ae1 elementor-widget elementor-widget-heading\" data-id=\"6358ae1\" data-element_type=\"widget\" data-widget_type=\"heading.default\">\n\t\t\t\t<div class=\"elementor-widget-container\">\n\t\t\t<style>\/*! elementor - v3.16.0 - 13-09-2023 *\/\n.elementor-heading-title{padding:0;margin:0;line-height:1}.elementor-widget-heading .elementor-heading-title[class*=elementor-size-]>a{color:inherit;font-size:inherit;line-height:inherit}.elementor-widget-heading .elementor-heading-title.elementor-size-small{font-size:15px}.elementor-widget-heading .elementor-heading-title.elementor-size-medium{font-size:19px}.elementor-widget-heading .elementor-heading-title.elementor-size-large{font-size:29px}.elementor-widget-heading .elementor-heading-title.elementor-size-xl{font-size:39px}.elementor-widget-heading .elementor-heading-title.elementor-size-xxl{font-size:59px}<\/style><h2 class=\"elementor-heading-title elementor-size-default\">C\u00f3mo protegemos su informaci\u00f3n:<\/h2>\t\t<\/div>\n\t\t\t\t<\/div>\n\t\t\t\t<div class=\"elementor-element elementor-element-88390d1 elementor-widget elementor-widget-text-editor\" data-id=\"88390d1\" data-element_type=\"widget\" data-widget_type=\"text-editor.default\">\n\t\t\t\t<div class=\"elementor-widget-container\">\n\t\t\t\t\t\t\tNuestro compromiso con la honestidad y la fiabilidad es la base de nuestras visitas, y damos prioridad a su privacidad y a la seguridad de sus datos. Recuerde leer nuestras pol\u00edticas de privacidad antes de utilizar nuestros recursos. Nos tomamos muy en serio la protecci\u00f3n de su informaci\u00f3n. Nuestro sitio web utiliza medidas de seguridad avanzadas, como cortafuegos y cifrado, para salvaguardar sus datos confidenciales. S\u00f3lo los empleados autorizados que necesiten acceder a su informaci\u00f3n podr\u00e1n hacerlo.\t\t\t\t\t\t<\/div>\n\t\t\t\t<\/div>\n\t\t\t\t\t<\/div>\n\t\t<\/div>\n\t\t\t\t\t\t\t<\/div>\n\t\t<\/section>\n\t\t\t\t<section class=\"elementor-section elementor-top-section elementor-element elementor-element-ac17c48 elementor-section-boxed elementor-section-height-default elementor-section-height-default\" data-id=\"ac17c48\" data-element_type=\"section\">\n\t\t\t\t\t\t<div class=\"elementor-container elementor-column-gap-default\">\n\t\t\t\t\t<div class=\"elementor-column elementor-col-100 elementor-top-column elementor-element elementor-element-6c25d49\" data-id=\"6c25d49\" data-element_type=\"column\">\n\t\t\t<div class=\"elementor-widget-wrap elementor-element-populated\">\n\t\t\t\t\t\t\t\t<div class=\"elementor-element elementor-element-2a850dd elementor-widget elementor-widget-heading\" data-id=\"2a850dd\" data-element_type=\"widget\" data-widget_type=\"heading.default\">\n\t\t\t\t<div class=\"elementor-widget-container\">\n\t\t\t<h2 class=\"elementor-heading-title elementor-size-default\">Informaci\u00f3n que recopilamos de los clientes:<\/h2>\t\t<\/div>\n\t\t\t\t<\/div>\n\t\t\t\t<div class=\"elementor-element elementor-element-b3da5c1 elementor-widget elementor-widget-text-editor\" data-id=\"b3da5c1\" data-element_type=\"widget\" data-widget_type=\"text-editor.default\">\n\t\t\t\t<div class=\"elementor-widget-container\">\n\t\t\t\t\t\t\t<ul>\n \t<li><span style=\"font-weight: 400;\">Los datos relativos a las tarjetas de cr\u00e9dito o d\u00e9bito, as\u00ed como la informaci\u00f3n de identificaci\u00f3n personal, no ser\u00e1n compartidos, vendidos, alquilados ni almacenados por terceros.<\/span><\/li>\n \t<li><span style=\"font-weight: 400;\">Nuestra pol\u00edtica de T\u00e9rminos y Condiciones puede cambiar peri\u00f3dicamente para adaptarse a las exigencias del mercado. Le animamos a consultar estas secciones con frecuencia para mantenerse al d\u00eda. Los cambios entrar\u00e1n en vigor el d\u00eda de su publicaci\u00f3n.<\/span><\/li>\n \t<li><span style=\"font-weight: 400;\">Algunos anuncios del sitio los ofrecen terceros que pueden recopilar informaci\u00f3n sobre usted y sus actividades en l\u00ednea a trav\u00e9s de cookies y balizas web para ofrecer anuncios personalizados. No tenemos ning\u00fan control sobre sus pr\u00e1cticas de informaci\u00f3n.<\/span><\/li>\n \t<li><span style=\"font-weight: 400;\">El proceso de encriptaci\u00f3n se utiliza para recibir su informaci\u00f3n. Un sistema espec\u00edfico codifica todos los datos.<\/span><\/li>\n \t<li><span style=\"font-weight: 400;\">Marca Tours almacena autom\u00e1ticamente la informaci\u00f3n del navegador de los visitantes a trav\u00e9s de cookies, incluyendo la direcci\u00f3n IP y la p\u00e1gina accedida.<\/span><\/li>\n<\/ul>\t\t\t\t\t\t<\/div>\n\t\t\t\t<\/div>\n\t\t\t\t<div class=\"elementor-element elementor-element-dc03a9c elementor-widget elementor-widget-text-editor\" data-id=\"dc03a9c\" data-element_type=\"widget\" data-widget_type=\"text-editor.default\">\n\t\t\t\t<div class=\"elementor-widget-container\">\n\t\t\t\t\t\t\t<p><span style=\"font-weight: 400;\">Recibir\u00e1 una notificaci\u00f3n cada vez que su informaci\u00f3n personal sea revelada a terceros, y tendr\u00e1 la opci\u00f3n de impedir que compartamos esa informaci\u00f3n. En MarcaTours, valoramos mucho su privacidad y confidencialidad.<\/span><\/p>\n\t\t\t\t\t\t<\/div>\n\t\t\t\t<\/div>\n\t\t\t\t\t<\/div>\n\t\t<\/div>\n\t\t\t\t\t\t\t<\/div>\n\t\t<\/section>\n\t\t\t\t<section class=\"elementor-section elementor-top-section elementor-element elementor-element-d69f610 elementor-section-boxed elementor-section-height-default elementor-section-height-default\" data-id=\"d69f610\" data-element_type=\"section\">\n\t\t\t\t\t\t<div class=\"elementor-container elementor-column-gap-default\">\n\t\t\t\t\t<div class=\"elementor-column elementor-col-100 elementor-top-column elementor-element elementor-element-9a5f872\" data-id=\"9a5f872\" data-element_type=\"column\">\n\t\t\t<div class=\"elementor-widget-wrap elementor-element-populated\">\n\t\t\t\t\t\t\t\t<div class=\"elementor-element elementor-element-d5bf212 elementor-widget elementor-widget-heading\" data-id=\"d5bf212\" data-element_type=\"widget\" data-widget_type=\"heading.default\">\n\t\t\t\t<div class=\"elementor-widget-container\">\n\t\t\t<h2 class=\"elementor-heading-title elementor-size-default\">Enlaces externos:<\/h2>\t\t<\/div>\n\t\t\t\t<\/div>\n\t\t\t\t<div class=\"elementor-element elementor-element-0c1759d elementor-widget elementor-widget-text-editor\" data-id=\"0c1759d\" data-element_type=\"widget\" data-widget_type=\"text-editor.default\">\n\t\t\t\t<div class=\"elementor-widget-container\">\n\t\t\t\t\t\t\t<p><span style=\"font-weight: 400;\">Nuestro Servicio contiene enlaces a sitios de terceros. No tenemos ning\u00fan control sobre su contenido o pr\u00e1cticas y no asumimos ninguna responsabilidad por ellos. Por favor, revise sus Pol\u00edticas de Privacidad antes de visitarlos.<\/span><\/p>\n\t\t\t\t\t\t<\/div>\n\t\t\t\t<\/div>\n\t\t\t\t\t<\/div>\n\t\t<\/div>\n\t\t\t\t\t\t\t<\/div>\n\t\t<\/section>\n\t\t\t\t<section class=\"elementor-section elementor-top-section elementor-element elementor-element-aa986f2 elementor-section-boxed elementor-section-height-default elementor-section-height-default\" data-id=\"aa986f2\" data-element_type=\"section\">\n\t\t\t\t\t\t<div class=\"elementor-container elementor-column-gap-default\">\n\t\t\t\t\t<div class=\"elementor-column elementor-col-100 elementor-top-column elementor-element elementor-element-9d84ae7\" data-id=\"9d84ae7\" data-element_type=\"column\">\n\t\t\t<div class=\"elementor-widget-wrap elementor-element-populated\">\n\t\t\t\t\t\t\t\t<div class=\"elementor-element elementor-element-cb8abe1 elementor-widget elementor-widget-heading\" data-id=\"cb8abe1\" data-element_type=\"widget\" data-widget_type=\"heading.default\">\n\t\t\t\t<div class=\"elementor-widget-container\">\n\t\t\t<h2 class=\"elementor-heading-title elementor-size-default\">Si tiene alguna duda, p\u00f3ngase en contacto con nosotros:<\/h2>\t\t<\/div>\n\t\t\t\t<\/div>\n\t\t\t\t\t<\/div>\n\t\t<\/div>\n\t\t\t\t\t\t\t<\/div>\n\t\t<\/section>\n\t\t\t\t<section class=\"elementor-section elementor-top-section elementor-element elementor-element-67990eb elementor-section-boxed elementor-section-height-default elementor-section-height-default\" data-id=\"67990eb\" data-element_type=\"section\">\n\t\t\t\t\t\t<div class=\"elementor-container elementor-column-gap-default\">\n\t\t\t\t\t<div class=\"elementor-column elementor-col-100 elementor-top-column elementor-element elementor-element-65f8221\" data-id=\"65f8221\" data-element_type=\"column\">\n\t\t\t<div class=\"elementor-widget-wrap elementor-element-populated\">\n\t\t\t\t\t\t\t\t<div class=\"elementor-element elementor-element-dacaf2a elementor-list-item-link-full_width elementor-widget elementor-widget-icon-list\" data-id=\"dacaf2a\" data-element_type=\"widget\" data-widget_type=\"icon-list.default\">\n\t\t\t\t<div class=\"elementor-widget-container\">\n\t\t\t<link rel=\"stylesheet\" href=\"https:\/\/marcatours.com\/wp-content\/plugins\/elementor\/assets\/css\/widget-icon-list.min.css\">\t\t<ul class=\"elementor-icon-list-items\">\n\t\t\t\t\t\t\t<li class=\"elementor-icon-list-item\">\n\t\t\t\t\t\t\t\t\t\t\t<a href=\"https:\/\/wa.me\/201149897239\" target=\"_blank\">\n\n\t\t\t\t\t\t\t\t\t\t\t\t<span class=\"elementor-icon-list-icon\">\n\t\t\t\t\t\t\t<i aria-hidden=\"true\" class=\"fab fa-whatsapp\"><\/i>\t\t\t\t\t\t<\/span>\n\t\t\t\t\t\t\t\t\t\t<span class=\"elementor-icon-list-text\">En Whatsapp<\/span>\n\t\t\t\t\t\t\t\t\t\t\t<\/a>\n\t\t\t\t\t\t\t\t\t<\/li>\n\t\t\t\t\t\t\t\t<li class=\"elementor-icon-list-item\">\n\t\t\t\t\t\t\t\t\t\t\t<a href=\"mailto:info@marcatours.com\" target=\"_blank\">\n\n\t\t\t\t\t\t\t\t\t\t\t\t<span class=\"elementor-icon-list-icon\">\n\t\t\t\t\t\t\t<i aria-hidden=\"true\" class=\"ovaicon ovaicon-mail\"><\/i>\t\t\t\t\t\t<\/span>\n\t\t\t\t\t\t\t\t\t\t<span class=\"elementor-icon-list-text\">info@marcatours.com<\/span>\n\t\t\t\t\t\t\t\t\t\t\t<\/a>\n\t\t\t\t\t\t\t\t\t<\/li>\n\t\t\t\t\t\t<\/ul>\n\t\t\t\t<\/div>\n\t\t\t\t<\/div>\n\t\t\t\t\t<\/div>\n\t\t<\/div>\n\t\t\t\t\t\t\t<\/div>\n\t\t<\/section>\n\t\t\t\t\t\t\t<\/div>\n\t\t","protected":false},"excerpt":{"rendered":"<p>En Marca Tours, ofrecemos paquetes tur\u00edsticos personalizados que se adaptan a su presupuesto e intereses, manteniendo al mismo tiempo un alto nivel de servicio, seguridad y profesionalidad. Valoramos su confianza y nos esforzamos por establecer una relaci\u00f3n a largo plazo con nuestros clientes. C\u00f3mo protegemos su informaci\u00f3n: Nuestro compromiso con la honestidad y la fiabilidad [&hellip;]<\/p>\n","protected":false},"author":1,"featured_media":0,"parent":0,"menu_order":0,"comment_status":"closed","ping_status":"closed","template":"","meta":{"footnotes":""},"class_list":["post-10792","page","type-page","status-publish","hentry"],"_links":{"self":[{"href":"https:\/\/marcatours.com\/es\/wp-json\/wp\/v2\/pages\/10792","targetHints":{"allow":["GET"]}}],"collection":[{"href":"https:\/\/marcatours.com\/es\/wp-json\/wp\/v2\/pages"}],"about":[{"href":"https:\/\/marcatours.com\/es\/wp-json\/wp\/v2\/types\/page"}],"author":[{"embeddable":true,"href":"https:\/\/marcatours.com\/es\/wp-json\/wp\/v2\/users\/1"}],"replies":[{"embeddable":true,"href":"https:\/\/marcatours.com\/es\/wp-json\/wp\/v2\/comments?post=10792"}],"version-history":[{"count":3,"href":"https:\/\/marcatours.com\/es\/wp-json\/wp\/v2\/pages\/10792\/revisions"}],"predecessor-version":[{"id":12285,"href":"https:\/\/marcatours.com\/es\/wp-json\/wp\/v2\/pages\/10792\/revisions\/12285"}],"wp:attachment":[{"href":"https:\/\/marcatours.com\/es\/wp-json\/wp\/v2\/media?parent=10792"}],"curies":[{"name":"wp","href":"https:\/\/api.w.org\/{rel}","templated":true}]}}