{"id":10779,"date":"2024-01-21T11:32:12","date_gmt":"2024-01-21T11:32:12","guid":{"rendered":"https:\/\/marcatours.com\/product\/traslado-de-luxor-a-hurghada-o-viceversa\/"},"modified":"2024-09-10T10:40:14","modified_gmt":"2024-09-10T10:40:14","slug":"traslado-de-luxor-a-hurghada-o-viceversa","status":"publish","type":"product","link":"https:\/\/marcatours.com\/es\/producto\/traslado-de-luxor-a-hurghada-o-viceversa\/","title":{"rendered":"Traslado de Luxor a Hurghada o viceversa"},"content":{"rendered":"\t\t<div data-elementor-type=\"wp-post\" data-elementor-id=\"10779\" class=\"elementor elementor-10779 elementor-10291\">\n\t\t\t\t\t\t\t\t\t<section class=\"elementor-section elementor-top-section elementor-element elementor-element-ce60abc elementor-section-boxed elementor-section-height-default elementor-section-height-default\" data-id=\"ce60abc\" data-element_type=\"section\">\n\t\t\t\t\t\t<div class=\"elementor-container elementor-column-gap-default\">\n\t\t\t\t\t<div class=\"elementor-column elementor-col-100 elementor-top-column elementor-element elementor-element-7a39180\" data-id=\"7a39180\" data-element_type=\"column\">\n\t\t\t<div class=\"elementor-widget-wrap elementor-element-populated\">\n\t\t\t\t\t\t\t\t<div class=\"elementor-element elementor-element-de6a611 elementor-widget elementor-widget-text-editor\" data-id=\"de6a611\" data-element_type=\"widget\" data-widget_type=\"text-editor.default\">\n\t\t\t\t<div class=\"elementor-widget-container\">\n\t\t\t<style>\/*! elementor - v3.16.0 - 13-09-2023 *\/\n.elementor-widget-text-editor.elementor-drop-cap-view-stacked .elementor-drop-cap{background-color:#69727d;color:#fff}.elementor-widget-text-editor.elementor-drop-cap-view-framed .elementor-drop-cap{color:#69727d;border:3px solid;background-color:transparent}.elementor-widget-text-editor:not(.elementor-drop-cap-view-default) .elementor-drop-cap{margin-top:8px}.elementor-widget-text-editor:not(.elementor-drop-cap-view-default) .elementor-drop-cap-letter{width:1em;height:1em}.elementor-widget-text-editor .elementor-drop-cap{float:left;text-align:center;line-height:1;font-size:50px}.elementor-widget-text-editor .elementor-drop-cap-letter{display:inline-block}<\/style>\t\t\t\t<h2>Resumen<\/h2>\n<p class=\"defaultParag\">Explore algunos de los yacimientos arqueol\u00f3gicos m\u00e1s emblem\u00e1ticos de El Cairo en un solo d\u00eda, incluidas las Grandes Pir\u00e1mides de Guiza, la antigua ciudad de Menfis y la necr\u00f3polis de Sakkara. Este recorrido ofrece una experiencia rica y envolvente, que le permitir\u00e1 adentrarse en las profundidades del antiguo pasado de Egipto. Es una visita obligada para los entusiastas de la historia, los amantes de la arqueolog\u00eda y cualquiera que sienta pasi\u00f3n por descubrir los misterios de una de las civilizaciones m\u00e1s cautivadoras del mundo. \u00a1Reserve ahora y empiece el d\u00eda!<\/p>\t\t\t\t\t\t<\/div>\n\t\t\t\t<\/div>\n\t\t\t\t\t<\/div>\n\t\t<\/div>\n\t\t\t\t\t\t\t<\/div>\n\t\t<\/section>\n\t\t\t\t\t\t\t<\/div>\n\t\t","protected":false},"excerpt":{"rendered":"<ul>\n<li style=\"font-weight: 400;\" aria-level=\"1\"><b>Recogida: <\/b><span style=\"font-weight: 400;\">Aeropuerto de Luxor \/ Hotel<\/span><\/li>\n<li aria-level=\"1\"><b>Bajada:<\/b><span style=\"font-weight: 400;\"> Hurghada Hotel\/Aeropuerto.<\/span><\/li>\n<li aria-level=\"1\"><b>Duraci\u00f3n:<\/b> <span style=\"font-weight: 400;\">4-5 horas<\/span><\/li>\n<li><span style=\"font-weight: 400;\">Nuestro servicio de traslado premium ofrece una opci\u00f3n de transporte privado y conveniente de Luxor a Hurghada, Del mismo modo, este servicio se puede reservar en la direcci\u00f3n opuesta tambi\u00e9n, de Hurghada a Luxor, a un costo equivalente. Al elegir nuestro servicio de traslado, puede evitar la molestia de depender del transporte p\u00fablico y los horarios fijos.<\/span><\/li>\n<li><b>**Toma nota**:<\/b> <span style=\"font-weight: 400;\">Estamos disponibles 24 horas al d\u00eda, 7 d\u00edas a la semana. Facilite los datos de su alojamiento o vuelo para confirmar su reserva. Lo verificaremos lo antes posible.<\/span><\/li>\n<li><b>**Duraci\u00f3n del viaje<\/b> <span style=\"font-weight: 400;\">La duraci\u00f3n del viaje puede variar en funci\u00f3n de factores como el tr\u00e1fico y la ubicaci\u00f3n del alojamiento.<\/span><\/li>\n<\/ul>\n","protected":false},"featured_media":10429,"comment_status":"open","ping_status":"closed","template":"","meta":[],"product_cat":[146],"product_tag":[],"class_list":{"0":"post-10779","1":"product","2":"type-product","3":"status-publish","4":"has-post-thumbnail","6":"brw_category-day-tours-es","7":"brw_category-transfers-es","8":"brw_destination-egypt-es","9":"product_cat-sin-categoria","11":"first","12":"instock","13":"virtual","14":"purchasable","15":"product-type-ovabrw_car_rental"},"_links":{"self":[{"href":"https:\/\/marcatours.com\/es\/wp-json\/wp\/v2\/product\/10779","targetHints":{"allow":["GET"]}}],"collection":[{"href":"https:\/\/marcatours.com\/es\/wp-json\/wp\/v2\/product"}],"about":[{"href":"https:\/\/marcatours.com\/es\/wp-json\/wp\/v2\/types\/product"}],"replies":[{"embeddable":true,"href":"https:\/\/marcatours.com\/es\/wp-json\/wp\/v2\/comments?post=10779"}],"version-history":[{"count":2,"href":"https:\/\/marcatours.com\/es\/wp-json\/wp\/v2\/product\/10779\/revisions"}],"predecessor-version":[{"id":12482,"href":"https:\/\/marcatours.com\/es\/wp-json\/wp\/v2\/product\/10779\/revisions\/12482"}],"wp:featuredmedia":[{"embeddable":true,"href":"https:\/\/marcatours.com\/es\/wp-json\/wp\/v2\/media\/10429"}],"wp:attachment":[{"href":"https:\/\/marcatours.com\/es\/wp-json\/wp\/v2\/media?parent=10779"}],"wp:term":[{"taxonomy":"product_cat","embeddable":true,"href":"https:\/\/marcatours.com\/es\/wp-json\/wp\/v2\/product_cat?post=10779"},{"taxonomy":"product_tag","embeddable":true,"href":"https:\/\/marcatours.com\/es\/wp-json\/wp\/v2\/product_tag?post=10779"}],"curies":[{"name":"wp","href":"https:\/\/api.w.org\/{rel}","templated":true}]}}