{"id":10827,"date":"2023-12-21T12:30:54","date_gmt":"2023-12-21T12:30:54","guid":{"rendered":"https:\/\/marcatours.com\/politica-de-privacidade\/"},"modified":"2024-07-29T09:15:17","modified_gmt":"2024-07-29T09:15:17","slug":"politica-de-privacidade","status":"publish","type":"page","link":"https:\/\/marcatours.com\/pt-pt\/politica-de-privacidade\/","title":{"rendered":"Pol\u00edtica de privacidade"},"content":{"rendered":"\t\t<div data-elementor-type=\"wp-page\" data-elementor-id=\"10827\" class=\"elementor elementor-10827 elementor-9058\">\n\t\t\t\t\t\t\t\t\t<section class=\"elementor-section elementor-top-section elementor-element elementor-element-aa612f5 elementor-section-boxed elementor-section-height-default elementor-section-height-default\" data-id=\"aa612f5\" data-element_type=\"section\">\n\t\t\t\t\t\t<div class=\"elementor-container elementor-column-gap-default\">\n\t\t\t\t\t<div class=\"elementor-column elementor-col-100 elementor-top-column elementor-element elementor-element-1d1c531\" data-id=\"1d1c531\" data-element_type=\"column\">\n\t\t\t<div class=\"elementor-widget-wrap elementor-element-populated\">\n\t\t\t\t\t\t\t\t<div class=\"elementor-element elementor-element-c345ffd elementor-widget elementor-widget-image\" data-id=\"c345ffd\" data-element_type=\"widget\" data-widget_type=\"image.default\">\n\t\t\t\t<div class=\"elementor-widget-container\">\n\t\t\t<style>\/*! elementor - v3.16.0 - 13-09-2023 *\/\n.elementor-widget-image{text-align:center}.elementor-widget-image a{display:inline-block}.elementor-widget-image a img[src$=\".svg\"]{width:48px}.elementor-widget-image img{vertical-align:middle;display:inline-block}<\/style>\t\t\t\t\t\t\t\t\t\t\t\t<img decoding=\"async\" src=\"https:\/\/marcatours.com\/wp-content\/plugins\/elementor\/assets\/images\/placeholder.png\" title=\"\" alt=\"\" loading=\"lazy\" \/>\t\t\t\t\t\t\t\t\t\t\t\t\t\t\t<\/div>\n\t\t\t\t<\/div>\n\t\t\t\t\t<\/div>\n\t\t<\/div>\n\t\t\t\t\t\t\t<\/div>\n\t\t<\/section>\n\t\t\t\t<section class=\"elementor-section elementor-top-section elementor-element elementor-element-d3e1cc5 elementor-section-boxed elementor-section-height-default elementor-section-height-default\" data-id=\"d3e1cc5\" data-element_type=\"section\">\n\t\t\t\t\t\t<div class=\"elementor-container elementor-column-gap-default\">\n\t\t\t\t\t<div class=\"elementor-column elementor-col-100 elementor-top-column elementor-element elementor-element-43c213b\" data-id=\"43c213b\" data-element_type=\"column\">\n\t\t\t<div class=\"elementor-widget-wrap elementor-element-populated\">\n\t\t\t\t\t\t\t\t<div class=\"elementor-element elementor-element-422ddc4 elementor-widget elementor-widget-text-editor\" data-id=\"422ddc4\" data-element_type=\"widget\" data-widget_type=\"text-editor.default\">\n\t\t\t\t<div class=\"elementor-widget-container\">\n\t\t\t<style>\/*! elementor - v3.16.0 - 13-09-2023 *\/\n.elementor-widget-text-editor.elementor-drop-cap-view-stacked .elementor-drop-cap{background-color:#69727d;color:#fff}.elementor-widget-text-editor.elementor-drop-cap-view-framed .elementor-drop-cap{color:#69727d;border:3px solid;background-color:transparent}.elementor-widget-text-editor:not(.elementor-drop-cap-view-default) .elementor-drop-cap{margin-top:8px}.elementor-widget-text-editor:not(.elementor-drop-cap-view-default) .elementor-drop-cap-letter{width:1em;height:1em}.elementor-widget-text-editor .elementor-drop-cap{float:left;text-align:center;line-height:1;font-size:50px}.elementor-widget-text-editor .elementor-drop-cap-letter{display:inline-block}<\/style>\t\t\t\t<p>Na Marca Tours, fornecemos pacotes tur\u00edsticos personalizados que atendem ao seu or\u00e7amento e interesses, mantendo altos padr\u00f5es de servi\u00e7o, seguran\u00e7a e profissionalismo. Valorizamos a sua confian\u00e7a e esfor\u00e7amo-nos por estabelecer uma rela\u00e7\u00e3o duradoura com os nossos clientes.<\/p>\n\t\t\t\t\t\t<\/div>\n\t\t\t\t<\/div>\n\t\t\t\t<div class=\"elementor-element elementor-element-6358ae1 elementor-widget elementor-widget-heading\" data-id=\"6358ae1\" data-element_type=\"widget\" data-widget_type=\"heading.default\">\n\t\t\t\t<div class=\"elementor-widget-container\">\n\t\t\t<style>\/*! elementor - v3.16.0 - 13-09-2023 *\/\n.elementor-heading-title{padding:0;margin:0;line-height:1}.elementor-widget-heading .elementor-heading-title[class*=elementor-size-]>a{color:inherit;font-size:inherit;line-height:inherit}.elementor-widget-heading .elementor-heading-title.elementor-size-small{font-size:15px}.elementor-widget-heading .elementor-heading-title.elementor-size-medium{font-size:19px}.elementor-widget-heading .elementor-heading-title.elementor-size-large{font-size:29px}.elementor-widget-heading .elementor-heading-title.elementor-size-xl{font-size:39px}.elementor-widget-heading .elementor-heading-title.elementor-size-xxl{font-size:59px}<\/style><h2 class=\"elementor-heading-title elementor-size-default\">Como protegemos as suas informa\u00e7\u00f5es:<\/h2>\t\t<\/div>\n\t\t\t\t<\/div>\n\t\t\t\t<div class=\"elementor-element elementor-element-88390d1 elementor-widget elementor-widget-text-editor\" data-id=\"88390d1\" data-element_type=\"widget\" data-widget_type=\"text-editor.default\">\n\t\t\t\t<div class=\"elementor-widget-container\">\n\t\t\t\t\t\t\tO nosso compromisso com a honestidade e a fiabilidade \u00e9 a base das nossas visitas, e damos prioridade \u00e0 sua privacidade e seguran\u00e7a de dados. N\u00e3o se esque\u00e7a de ler as nossas pol\u00edticas de privacidade antes de utilizar os nossos recursos. Levamos a s\u00e9rio a prote\u00e7\u00e3o das suas informa\u00e7\u00f5es. O nosso s\u00edtio Web utiliza medidas de seguran\u00e7a avan\u00e7adas, como firewalls e encripta\u00e7\u00e3o, para proteger os seus dados sens\u00edveis. O acesso s\u00f3 ser\u00e1 concedido a funcion\u00e1rios autorizados que necessitem de aceder \u00e0s suas informa\u00e7\u00f5es.\t\t\t\t\t\t<\/div>\n\t\t\t\t<\/div>\n\t\t\t\t\t<\/div>\n\t\t<\/div>\n\t\t\t\t\t\t\t<\/div>\n\t\t<\/section>\n\t\t\t\t<section class=\"elementor-section elementor-top-section elementor-element elementor-element-ac17c48 elementor-section-boxed elementor-section-height-default elementor-section-height-default\" data-id=\"ac17c48\" data-element_type=\"section\">\n\t\t\t\t\t\t<div class=\"elementor-container elementor-column-gap-default\">\n\t\t\t\t\t<div class=\"elementor-column elementor-col-100 elementor-top-column elementor-element elementor-element-6c25d49\" data-id=\"6c25d49\" data-element_type=\"column\">\n\t\t\t<div class=\"elementor-widget-wrap elementor-element-populated\">\n\t\t\t\t\t\t\t\t<div class=\"elementor-element elementor-element-2a850dd elementor-widget elementor-widget-heading\" data-id=\"2a850dd\" data-element_type=\"widget\" data-widget_type=\"heading.default\">\n\t\t\t\t<div class=\"elementor-widget-container\">\n\t\t\t<h2 class=\"elementor-heading-title elementor-size-default\">Informa\u00e7\u00f5es que recolhemos dos clientes:<\/h2>\t\t<\/div>\n\t\t\t\t<\/div>\n\t\t\t\t<div class=\"elementor-element elementor-element-b3da5c1 elementor-widget elementor-widget-text-editor\" data-id=\"b3da5c1\" data-element_type=\"widget\" data-widget_type=\"text-editor.default\">\n\t\t\t\t<div class=\"elementor-widget-container\">\n\t\t\t\t\t\t\t<ul>\n \t<li><span style=\"font-weight: 400;\">Quaisquer dados relacionados com cart\u00f5es de cr\u00e9dito ou de d\u00e9bito, bem como informa\u00e7\u00f5es pessoalmente identific\u00e1veis, n\u00e3o ser\u00e3o partilhados, vendidos, alugados ou armazenados por terceiros.<\/span><\/li>\n \t<li><span style=\"font-weight: 400;\">A nossa pol\u00edtica de Termos e Condi\u00e7\u00f5es pode ser alterada periodicamente para responder \u00e0s exig\u00eancias do mercado. Recomendamos que consulte frequentemente estas sec\u00e7\u00f5es para se manter atualizado. As altera\u00e7\u00f5es entrar\u00e3o em vigor no dia da sua publica\u00e7\u00e3o.<\/span><\/li>\n \t<li><span style=\"font-weight: 400;\">Alguns an\u00fancios no s\u00edtio s\u00e3o apresentados por terceiros que podem recolher informa\u00e7\u00f5es sobre o utilizador e as suas actividades online atrav\u00e9s de cookies e web beacons para apresentar an\u00fancios personalizados. N\u00e3o temos qualquer controlo sobre as suas pr\u00e1ticas de informa\u00e7\u00e3o.<\/span><\/li>\n \t<li><span style=\"font-weight: 400;\">O processo de encripta\u00e7\u00e3o \u00e9 utilizado para receber as suas informa\u00e7\u00f5es. Um sistema espec\u00edfico codifica todos os dados.<\/span><\/li>\n \t<li><span style=\"font-weight: 400;\">A Marca Tours armazena automaticamente as informa\u00e7\u00f5es do browser dos visitantes atrav\u00e9s de cookies, incluindo o endere\u00e7o IP e a p\u00e1gina acedida.<\/span><\/li>\n<\/ul>\t\t\t\t\t\t<\/div>\n\t\t\t\t<\/div>\n\t\t\t\t<div class=\"elementor-element elementor-element-dc03a9c elementor-widget elementor-widget-text-editor\" data-id=\"dc03a9c\" data-element_type=\"widget\" data-widget_type=\"text-editor.default\">\n\t\t\t\t<div class=\"elementor-widget-container\">\n\t\t\t\t\t\t\t<p><span style=\"font-weight: 400;\">Receber\u00e1 uma notifica\u00e7\u00e3o sempre que as suas informa\u00e7\u00f5es pessoais forem divulgadas a terceiros e ter\u00e1 a op\u00e7\u00e3o de nos impedir de partilhar essas informa\u00e7\u00f5es. Na MarcaTours, damos grande valor \u00e0 sua privacidade e confidencialidade.<\/span><\/p>\n\t\t\t\t\t\t<\/div>\n\t\t\t\t<\/div>\n\t\t\t\t\t<\/div>\n\t\t<\/div>\n\t\t\t\t\t\t\t<\/div>\n\t\t<\/section>\n\t\t\t\t<section class=\"elementor-section elementor-top-section elementor-element elementor-element-d69f610 elementor-section-boxed elementor-section-height-default elementor-section-height-default\" data-id=\"d69f610\" data-element_type=\"section\">\n\t\t\t\t\t\t<div class=\"elementor-container elementor-column-gap-default\">\n\t\t\t\t\t<div class=\"elementor-column elementor-col-100 elementor-top-column elementor-element elementor-element-9a5f872\" data-id=\"9a5f872\" data-element_type=\"column\">\n\t\t\t<div class=\"elementor-widget-wrap elementor-element-populated\">\n\t\t\t\t\t\t\t\t<div class=\"elementor-element elementor-element-d5bf212 elementor-widget elementor-widget-heading\" data-id=\"d5bf212\" data-element_type=\"widget\" data-widget_type=\"heading.default\">\n\t\t\t\t<div class=\"elementor-widget-container\">\n\t\t\t<h2 class=\"elementor-heading-title elementor-size-default\">Liga\u00e7\u00f5es externas:<\/h2>\t\t<\/div>\n\t\t\t\t<\/div>\n\t\t\t\t<div class=\"elementor-element elementor-element-0c1759d elementor-widget elementor-widget-text-editor\" data-id=\"0c1759d\" data-element_type=\"widget\" data-widget_type=\"text-editor.default\">\n\t\t\t\t<div class=\"elementor-widget-container\">\n\t\t\t\t\t\t\t<p><span style=\"font-weight: 400;\">O nosso Servi\u00e7o cont\u00e9m liga\u00e7\u00f5es para s\u00edtios de terceiros. N\u00e3o temos qualquer controlo sobre os seus conte\u00fados ou pr\u00e1ticas e n\u00e3o assumimos qualquer responsabilidade pelos mesmos. Consulte as respectivas pol\u00edticas de privacidade antes de as visitar.<\/span><\/p>\n\t\t\t\t\t\t<\/div>\n\t\t\t\t<\/div>\n\t\t\t\t\t<\/div>\n\t\t<\/div>\n\t\t\t\t\t\t\t<\/div>\n\t\t<\/section>\n\t\t\t\t<section class=\"elementor-section elementor-top-section elementor-element elementor-element-aa986f2 elementor-section-boxed elementor-section-height-default elementor-section-height-default\" data-id=\"aa986f2\" data-element_type=\"section\">\n\t\t\t\t\t\t<div class=\"elementor-container elementor-column-gap-default\">\n\t\t\t\t\t<div class=\"elementor-column elementor-col-100 elementor-top-column elementor-element elementor-element-9d84ae7\" data-id=\"9d84ae7\" data-element_type=\"column\">\n\t\t\t<div class=\"elementor-widget-wrap elementor-element-populated\">\n\t\t\t\t\t\t\t\t<div class=\"elementor-element elementor-element-cb8abe1 elementor-widget elementor-widget-heading\" data-id=\"cb8abe1\" data-element_type=\"widget\" data-widget_type=\"heading.default\">\n\t\t\t\t<div class=\"elementor-widget-container\">\n\t\t\t<h2 class=\"elementor-heading-title elementor-size-default\">Se tiver alguma d\u00favida, contacte-nos:<\/h2>\t\t<\/div>\n\t\t\t\t<\/div>\n\t\t\t\t\t<\/div>\n\t\t<\/div>\n\t\t\t\t\t\t\t<\/div>\n\t\t<\/section>\n\t\t\t\t<section class=\"elementor-section elementor-top-section elementor-element elementor-element-67990eb elementor-section-boxed elementor-section-height-default elementor-section-height-default\" data-id=\"67990eb\" data-element_type=\"section\">\n\t\t\t\t\t\t<div class=\"elementor-container elementor-column-gap-default\">\n\t\t\t\t\t<div class=\"elementor-column elementor-col-100 elementor-top-column elementor-element elementor-element-65f8221\" data-id=\"65f8221\" data-element_type=\"column\">\n\t\t\t<div class=\"elementor-widget-wrap elementor-element-populated\">\n\t\t\t\t\t\t\t\t<div class=\"elementor-element elementor-element-dacaf2a elementor-list-item-link-full_width elementor-widget elementor-widget-icon-list\" data-id=\"dacaf2a\" data-element_type=\"widget\" data-widget_type=\"icon-list.default\">\n\t\t\t\t<div class=\"elementor-widget-container\">\n\t\t\t<link rel=\"stylesheet\" href=\"https:\/\/marcatours.com\/wp-content\/plugins\/elementor\/assets\/css\/widget-icon-list.min.css\">\t\t<ul class=\"elementor-icon-list-items\">\n\t\t\t\t\t\t\t<li class=\"elementor-icon-list-item\">\n\t\t\t\t\t\t\t\t\t\t\t<a href=\"https:\/\/wa.me\/201149897239\" target=\"_blank\">\n\n\t\t\t\t\t\t\t\t\t\t\t\t<span class=\"elementor-icon-list-icon\">\n\t\t\t\t\t\t\t<i aria-hidden=\"true\" class=\"fab fa-whatsapp\"><\/i>\t\t\t\t\t\t<\/span>\n\t\t\t\t\t\t\t\t\t\t<span class=\"elementor-icon-list-text\">No Whatsapp<\/span>\n\t\t\t\t\t\t\t\t\t\t\t<\/a>\n\t\t\t\t\t\t\t\t\t<\/li>\n\t\t\t\t\t\t\t\t<li class=\"elementor-icon-list-item\">\n\t\t\t\t\t\t\t\t\t\t\t<a href=\"mailto:info@marcatours.com\" target=\"_blank\">\n\n\t\t\t\t\t\t\t\t\t\t\t\t<span class=\"elementor-icon-list-icon\">\n\t\t\t\t\t\t\t<i aria-hidden=\"true\" class=\"ovaicon ovaicon-mail\"><\/i>\t\t\t\t\t\t<\/span>\n\t\t\t\t\t\t\t\t\t\t<span class=\"elementor-icon-list-text\">info@marcatours.com<\/span>\n\t\t\t\t\t\t\t\t\t\t\t<\/a>\n\t\t\t\t\t\t\t\t\t<\/li>\n\t\t\t\t\t\t<\/ul>\n\t\t\t\t<\/div>\n\t\t\t\t<\/div>\n\t\t\t\t\t<\/div>\n\t\t<\/div>\n\t\t\t\t\t\t\t<\/div>\n\t\t<\/section>\n\t\t\t\t\t\t\t<\/div>\n\t\t","protected":false},"excerpt":{"rendered":"<p>Na Marca Tours, fornecemos pacotes tur\u00edsticos personalizados que atendem ao seu or\u00e7amento e interesses, mantendo altos padr\u00f5es de servi\u00e7o, seguran\u00e7a e profissionalismo. Valorizamos a sua confian\u00e7a e esfor\u00e7amo-nos por estabelecer uma rela\u00e7\u00e3o duradoura com os nossos clientes. Como protegemos as suas informa\u00e7\u00f5es: O nosso compromisso com a honestidade e a fiabilidade \u00e9 a base das [&hellip;]<\/p>\n","protected":false},"author":1,"featured_media":0,"parent":0,"menu_order":0,"comment_status":"closed","ping_status":"closed","template":"","meta":{"footnotes":""},"class_list":["post-10827","page","type-page","status-publish","hentry"],"_links":{"self":[{"href":"https:\/\/marcatours.com\/pt-pt\/wp-json\/wp\/v2\/pages\/10827","targetHints":{"allow":["GET"]}}],"collection":[{"href":"https:\/\/marcatours.com\/pt-pt\/wp-json\/wp\/v2\/pages"}],"about":[{"href":"https:\/\/marcatours.com\/pt-pt\/wp-json\/wp\/v2\/types\/page"}],"author":[{"embeddable":true,"href":"https:\/\/marcatours.com\/pt-pt\/wp-json\/wp\/v2\/users\/1"}],"replies":[{"embeddable":true,"href":"https:\/\/marcatours.com\/pt-pt\/wp-json\/wp\/v2\/comments?post=10827"}],"version-history":[{"count":3,"href":"https:\/\/marcatours.com\/pt-pt\/wp-json\/wp\/v2\/pages\/10827\/revisions"}],"predecessor-version":[{"id":12284,"href":"https:\/\/marcatours.com\/pt-pt\/wp-json\/wp\/v2\/pages\/10827\/revisions\/12284"}],"wp:attachment":[{"href":"https:\/\/marcatours.com\/pt-pt\/wp-json\/wp\/v2\/media?parent=10827"}],"curies":[{"name":"wp","href":"https:\/\/api.w.org\/{rel}","templated":true}]}}