{"id":10863,"date":"2023-12-17T11:13:56","date_gmt":"2023-12-17T11:13:56","guid":{"rendered":"https:\/\/marcatours.com\/termos-e-condicoes\/"},"modified":"2024-08-20T08:21:00","modified_gmt":"2024-08-20T08:21:00","slug":"termos-e-condicoes","status":"publish","type":"page","link":"https:\/\/marcatours.com\/pt-pt\/termos-e-condicoes\/","title":{"rendered":"Termos e condi\u00e7\u00f5es"},"content":{"rendered":"\t\t<div data-elementor-type=\"wp-page\" data-elementor-id=\"10863\" class=\"elementor elementor-10863 elementor-8839\">\n\t\t\t\t\t\t\t\t\t<section class=\"elementor-section elementor-top-section elementor-element elementor-element-26d1425 elementor-section-boxed elementor-section-height-default elementor-section-height-default\" data-id=\"26d1425\" data-element_type=\"section\">\n\t\t\t\t\t\t<div class=\"elementor-container elementor-column-gap-default\">\n\t\t\t\t\t<div class=\"elementor-column elementor-col-100 elementor-top-column elementor-element elementor-element-dd69067\" data-id=\"dd69067\" data-element_type=\"column\">\n\t\t\t<div class=\"elementor-widget-wrap elementor-element-populated\">\n\t\t\t\t\t\t\t\t<div class=\"elementor-element elementor-element-4349d5a elementor-widget elementor-widget-heading\" data-id=\"4349d5a\" data-element_type=\"widget\" data-widget_type=\"heading.default\">\n\t\t\t\t<div class=\"elementor-widget-container\">\n\t\t\t<style>\/*! elementor - v3.16.0 - 13-09-2023 *\/\n.elementor-heading-title{padding:0;margin:0;line-height:1}.elementor-widget-heading .elementor-heading-title[class*=elementor-size-]>a{color:inherit;font-size:inherit;line-height:inherit}.elementor-widget-heading .elementor-heading-title.elementor-size-small{font-size:15px}.elementor-widget-heading .elementor-heading-title.elementor-size-medium{font-size:19px}.elementor-widget-heading .elementor-heading-title.elementor-size-large{font-size:29px}.elementor-widget-heading .elementor-heading-title.elementor-size-xl{font-size:39px}.elementor-widget-heading .elementor-heading-title.elementor-size-xxl{font-size:59px}<\/style><h2 class=\"elementor-heading-title elementor-size-default\">Pol\u00edtica de reserva e pagamento:  <\/h2>\t\t<\/div>\n\t\t\t\t<\/div>\n\t\t\t\t<div class=\"elementor-element elementor-element-26d66f9 elementor-widget elementor-widget-text-editor\" data-id=\"26d66f9\" data-element_type=\"widget\" data-widget_type=\"text-editor.default\">\n\t\t\t\t<div class=\"elementor-widget-container\">\n\t\t\t<style>\/*! elementor - v3.16.0 - 13-09-2023 *\/\n.elementor-widget-text-editor.elementor-drop-cap-view-stacked .elementor-drop-cap{background-color:#69727d;color:#fff}.elementor-widget-text-editor.elementor-drop-cap-view-framed .elementor-drop-cap{color:#69727d;border:3px solid;background-color:transparent}.elementor-widget-text-editor:not(.elementor-drop-cap-view-default) .elementor-drop-cap{margin-top:8px}.elementor-widget-text-editor:not(.elementor-drop-cap-view-default) .elementor-drop-cap-letter{width:1em;height:1em}.elementor-widget-text-editor .elementor-drop-cap{float:left;text-align:center;line-height:1;font-size:50px}.elementor-widget-text-editor .elementor-drop-cap-letter{display:inline-block}<\/style>\t\t\t\t<span style=\"font-weight: 400;\">No momento da reserva, \u00e9 necess\u00e1rio pagar pelo menos um dep\u00f3sito de 30% do pre\u00e7o total da excurs\u00e3o para confirmar a reserva e garantir o espa\u00e7o e o resto do montante pode ser pago \u00e0 sua chegada em dinheiro para facilitar ao m\u00e1ximo o processo de pagamento. O pagamento do dep\u00f3sito pode ser efectuado por :<\/span>\n<ul>\n \t<li><span style=\"font-weight: 400;\">Transfer\u00eancia inteligente.<\/span><\/li>\n \t<li><span style=\"font-weight: 400;\">Transfer\u00eancia por PayPal (acrescida de 5% de taxas).<\/span><\/li>\n \t<li><span style=\"font-weight: 400;\">Link de pagamento ou cart\u00e3o de cr\u00e9dito e d\u00e9bito (acrescido de 5% de taxas)<\/span><\/li>\n \t<li><span style=\"font-weight: 400;\">  Transfer\u00eancia banc\u00e1ria (com base nas taxas do seu banco).<\/span><\/li>\n<\/ul>\t\t\t\t\t\t<\/div>\n\t\t\t\t<\/div>\n\t\t\t\t<div class=\"elementor-element elementor-element-2e8bd77 elementor-widget elementor-widget-text-editor\" data-id=\"2e8bd77\" data-element_type=\"widget\" data-widget_type=\"text-editor.default\">\n\t\t\t\t<div class=\"elementor-widget-container\">\n\t\t\t\t\t\t\t<p><span style=\"font-weight: 400;\">Se pretender alterar alguma coisa na sua reserva, gostar\u00edamos de o ajudar a faz\u00ea-lo com base na possibilidade e disponibilidade, por isso, envie-nos uma mensagem com o seu pedido e iremos verific\u00e1-lo.<\/span><\/p>\n\t\t\t\t\t\t<\/div>\n\t\t\t\t<\/div>\n\t\t\t\t\t<\/div>\n\t\t<\/div>\n\t\t\t\t\t\t\t<\/div>\n\t\t<\/section>\n\t\t\t\t<section class=\"elementor-section elementor-top-section elementor-element elementor-element-2f1e445 elementor-section-boxed elementor-section-height-default elementor-section-height-default\" data-id=\"2f1e445\" data-element_type=\"section\">\n\t\t\t\t\t\t<div class=\"elementor-container elementor-column-gap-default\">\n\t\t\t\t\t<div class=\"elementor-column elementor-col-100 elementor-top-column elementor-element elementor-element-0f45578\" data-id=\"0f45578\" data-element_type=\"column\">\n\t\t\t<div class=\"elementor-widget-wrap elementor-element-populated\">\n\t\t\t\t\t\t\t\t<div class=\"elementor-element elementor-element-a36d8cf elementor-widget elementor-widget-heading\" data-id=\"a36d8cf\" data-element_type=\"widget\" data-widget_type=\"heading.default\">\n\t\t\t\t<div class=\"elementor-widget-container\">\n\t\t\t<h2 class=\"elementor-heading-title elementor-size-default\">Pol\u00edtica de cancelamento :<\/h2>\t\t<\/div>\n\t\t\t\t<\/div>\n\t\t\t\t<div class=\"elementor-element elementor-element-ec02b7d elementor-widget elementor-widget-heading\" data-id=\"ec02b7d\" data-element_type=\"widget\" data-widget_type=\"heading.default\">\n\t\t\t\t<div class=\"elementor-widget-container\">\n\t\t\t<h4 class=\"elementor-heading-title elementor-size-default\">Pol\u00edtica de cancelamento justo: (Excluindo per\u00edodos de pico)<\/h4>\t\t<\/div>\n\t\t\t\t<\/div>\n\t\t\t\t<div class=\"elementor-element elementor-element-0e8d751 elementor-widget elementor-widget-text-editor\" data-id=\"0e8d751\" data-element_type=\"widget\" data-widget_type=\"text-editor.default\">\n\t\t\t\t<div class=\"elementor-widget-container\">\n\t\t\t\t\t\t\t<p>\n            <span style=\"font-weight: 400;\">Se cancelar a sua viagem, ter\u00e1 de pagar:<\/span>\n          <\/p>\n<ul>\n<li>\n              <span style=\"font-weight: 400;\">15% do pre\u00e7o da excurs\u00e3o se cancelar at\u00e9 61 dias antes da sua chegada.<\/span>\n            <\/li>\n<li>\n              <span style=\"font-weight: 400;\">35% do pre\u00e7o da excurs\u00e3o se cancelar 60-31 dias antes da chegada.<\/span>\n            <\/li>\n<li>\n              <span style=\"font-weight: 400;\">50% do pre\u00e7o da excurs\u00e3o se cancelar 30-15 dias antes da chegada.<\/span>\n            <\/li>\n<li>\n              <span style=\"font-weight: 400;\">100% do pre\u00e7o da excurs\u00e3o se cancelar 14-1 dias antes da chegada.<\/span>\n            <\/li>\n<li>\n              <span style=\"font-weight: 400;\">Al\u00e9m disso, as companhias a\u00e9reas tamb\u00e9m t\u00eam as suas taxas e h\u00e1 uma taxa banc\u00e1ria de 5% sobre os reembolsos.<\/span>\n            <\/li>\n<\/ul>\n\t\t\t\t\t\t<\/div>\n\t\t\t\t<\/div>\n\t\t\t\t<div class=\"elementor-element elementor-element-19f8094 elementor-widget elementor-widget-heading\" data-id=\"19f8094\" data-element_type=\"widget\" data-widget_type=\"heading.default\">\n\t\t\t\t<div class=\"elementor-widget-container\">\n\t\t\t<h4 class=\"elementor-heading-title elementor-size-default\">Pol\u00edtica de cancelamento justa para as f\u00e9rias de Natal, Ano Novo e P\u00e1scoa:<\/h4>\t\t<\/div>\n\t\t\t\t<\/div>\n\t\t\t\t<div class=\"elementor-element elementor-element-2bb300e elementor-widget elementor-widget-text-editor\" data-id=\"2bb300e\" data-element_type=\"widget\" data-widget_type=\"text-editor.default\">\n\t\t\t\t<div class=\"elementor-widget-container\">\n\t\t\t\t\t\t\t<p>\n            <span style=\"font-weight: 400;\">Se cancelar a sua viagem, ter\u00e1 de pagar:<\/span>\n          <\/p>\n<ul>\n<li>\n              <span style=\"font-weight: 400;\">25% do pre\u00e7o da excurs\u00e3o se cancelar at\u00e9 61 dias antes da sua chegada.<\/span>\n            <\/li>\n<li>\n              <span style=\"font-weight: 400;\">50% do pre\u00e7o da excurs\u00e3o se cancelar 60-31 dias antes da chegada.<\/span>\n            <\/li>\n<li>\n              <span style=\"font-weight: 400;\">75% do pre\u00e7o da excurs\u00e3o se cancelar 30-15 dias antes da chegada.<\/span>\n            <\/li>\n<li>\n              <span style=\"font-weight: 400;\">100% do pre\u00e7o da excurs\u00e3o se cancelar 14-1 dias antes da chegada.<\/span>\n            <\/li>\n<li>\n              <span style=\"font-weight: 400;\">Al\u00e9m disso, as companhias a\u00e9reas tamb\u00e9m t\u00eam as suas taxas e h\u00e1 uma taxa banc\u00e1ria de 5% sobre os reembolsos.<\/span>\n            <\/li>\n<\/ul>\n\t\t\t\t\t\t<\/div>\n\t\t\t\t<\/div>\n\t\t\t\t<div class=\"elementor-element elementor-element-4ce5272 elementor-widget elementor-widget-heading\" data-id=\"4ce5272\" data-element_type=\"widget\" data-widget_type=\"heading.default\">\n\t\t\t\t<div class=\"elementor-widget-container\">\n\t\t\t<h4 class=\"elementor-heading-title elementor-size-default\">Reembolsos<\/h4>\t\t<\/div>\n\t\t\t\t<\/div>\n\t\t\t\t<div class=\"elementor-element elementor-element-ab73c15 elementor-widget elementor-widget-text-editor\" data-id=\"ab73c15\" data-element_type=\"widget\" data-widget_type=\"text-editor.default\">\n\t\t\t\t<div class=\"elementor-widget-container\">\n\t\t\t\t\t\t\t<p>\n            <span style=\"font-weight: 400;\">Se necessitar de um reembolso, envi\u00e1-lo-emos de volta da mesma forma que pagou. Se n\u00e3o comparecer \u00e0 sua reserva, n\u00e3o podemos efetuar um reembolso. Tamb\u00e9m deduzimos uma taxa banc\u00e1ria de 5% de todos os reembolsos.<\/span>\n          <\/p>\n\t\t\t\t\t\t<\/div>\n\t\t\t\t<\/div>\n\t\t\t\t\t<\/div>\n\t\t<\/div>\n\t\t\t\t\t\t\t<\/div>\n\t\t<\/section>\n\t\t\t\t<section class=\"elementor-section elementor-top-section elementor-element elementor-element-78bd630 elementor-section-boxed elementor-section-height-default elementor-section-height-default\" data-id=\"78bd630\" data-element_type=\"section\">\n\t\t\t\t\t\t<div class=\"elementor-container elementor-column-gap-default\">\n\t\t\t\t\t<div class=\"elementor-column elementor-col-100 elementor-top-column elementor-element elementor-element-b2d7552\" data-id=\"b2d7552\" data-element_type=\"column\">\n\t\t\t<div class=\"elementor-widget-wrap elementor-element-populated\">\n\t\t\t\t\t\t\t\t<div class=\"elementor-element elementor-element-9988096 elementor-widget elementor-widget-heading\" data-id=\"9988096\" data-element_type=\"widget\" data-widget_type=\"heading.default\">\n\t\t\t\t<div class=\"elementor-widget-container\">\n\t\t\t<h2 class=\"elementor-heading-title elementor-size-default\">Pol\u00edtica para crian\u00e7as :<\/h2>\t\t<\/div>\n\t\t\t\t<\/div>\n\t\t\t\t<div class=\"elementor-element elementor-element-6667330 elementor-widget elementor-widget-heading\" data-id=\"6667330\" data-element_type=\"widget\" data-widget_type=\"heading.default\">\n\t\t\t\t<div class=\"elementor-widget-container\">\n\t\t\t<h4 class=\"elementor-heading-title elementor-size-default\">Pol\u00edtica 1: Cruzeiros no Nilo e pacotes com alojamento:<\/h4>\t\t<\/div>\n\t\t\t\t<\/div>\n\t\t\t\t<div class=\"elementor-element elementor-element-848ce4a elementor-widget elementor-widget-text-editor\" data-id=\"848ce4a\" data-element_type=\"widget\" data-widget_type=\"text-editor.default\">\n\t\t\t\t<div class=\"elementor-widget-container\">\n\t\t\t\t\t\t\t<ul>\n<li>\n              <span style=\"font-weight: 400;\">Crian\u00e7as entre os 0 e os 5 anos de idade n\u00e3o pagam.<\/span>\n            <\/li>\n<li>\n              <span style=\"font-weight: 400;\">As crian\u00e7as entre os 6 e os 12 anos beneficiam de um desconto de 50% sobre o montante total do pacote.<\/span>\n            <\/li>\n<li>\n              <span style=\"font-weight: 400;\">As crian\u00e7as com 12 anos ou mais s\u00e3o consideradas adultos.  <\/span>\n            <\/li>\n<\/ul>\n\t\t\t\t\t\t<\/div>\n\t\t\t\t<\/div>\n\t\t\t\t<div class=\"elementor-element elementor-element-7f60199 elementor-widget elementor-widget-heading\" data-id=\"7f60199\" data-element_type=\"widget\" data-widget_type=\"heading.default\">\n\t\t\t\t<div class=\"elementor-widget-container\">\n\t\t\t<h4 class=\"elementor-heading-title elementor-size-default\">Ap\u00f3lice 2: para passeios tur\u00edsticos e excurs\u00f5es em terra sem alojamento:<\/h4>\t\t<\/div>\n\t\t\t\t<\/div>\n\t\t\t\t<div class=\"elementor-element elementor-element-b251ea7 elementor-widget elementor-widget-text-editor\" data-id=\"b251ea7\" data-element_type=\"widget\" data-widget_type=\"text-editor.default\">\n\t\t\t\t<div class=\"elementor-widget-container\">\n\t\t\t\t\t\t\t<ul>\n<li style=\"font-weight: 400;\" aria-level=\"1\">\n              <span style=\"font-weight: 400;\">As crian\u00e7as com menos de 5 anos podem participar em passeios tur\u00edsticos e excurs\u00f5es em terra sem pagar nada.  <\/span>\n            <\/li>\n<li style=\"font-weight: 400;\" aria-level=\"1\">\n              <span style=\"font-weight: 400;\">As crian\u00e7as com menos de 12 anos podem participar nestas excurs\u00f5es pagando apenas metade do pre\u00e7o de um adulto.  <\/span>\n            <\/li>\n<li style=\"font-weight: 400;\" aria-level=\"1\">\n              <span style=\"font-weight: 400;\">Todas as crian\u00e7as com 12 anos ou mais s\u00e3o consideradas adultos.<\/span>\n            <\/li>\n<\/ul>\n\t\t\t\t\t\t<\/div>\n\t\t\t\t<\/div>\n\t\t\t\t<div class=\"elementor-element elementor-element-94bc590 elementor-widget elementor-widget-text-editor\" data-id=\"94bc590\" data-element_type=\"widget\" data-widget_type=\"text-editor.default\">\n\t\t\t\t<div class=\"elementor-widget-container\">\n\t\t\t\t\t\t\t<p><b>Nota:<\/b><span style=\"font-weight: 400;\"> Cada crian\u00e7a ter\u00e1 uma taxa extra se o seu pacote incluir voos dom\u00e9sticos. <\/span> <\/p>\n\t\t\t\t\t\t<\/div>\n\t\t\t\t<\/div>\n\t\t\t\t\t<\/div>\n\t\t<\/div>\n\t\t\t\t\t\t\t<\/div>\n\t\t<\/section>\n\t\t\t\t<section class=\"elementor-section elementor-top-section elementor-element elementor-element-1d3177d elementor-section-boxed elementor-section-height-default elementor-section-height-default\" data-id=\"1d3177d\" data-element_type=\"section\">\n\t\t\t\t\t\t<div class=\"elementor-container elementor-column-gap-default\">\n\t\t\t\t\t<div class=\"elementor-column elementor-col-100 elementor-top-column elementor-element elementor-element-e5dfa19\" data-id=\"e5dfa19\" data-element_type=\"column\">\n\t\t\t<div class=\"elementor-widget-wrap elementor-element-populated\">\n\t\t\t\t\t\t\t\t<div class=\"elementor-element elementor-element-caa9db4 elementor-widget elementor-widget-heading\" data-id=\"caa9db4\" data-element_type=\"widget\" data-widget_type=\"heading.default\">\n\t\t\t\t<div class=\"elementor-widget-container\">\n\t\t\t<h2 class=\"elementor-heading-title elementor-size-default\">Pol\u00edtica de pedidos especiais :<\/h2>\t\t<\/div>\n\t\t\t\t<\/div>\n\t\t\t\t<div class=\"elementor-element elementor-element-c5ca976 elementor-widget elementor-widget-text-editor\" data-id=\"c5ca976\" data-element_type=\"widget\" data-widget_type=\"text-editor.default\">\n\t\t\t\t<div class=\"elementor-widget-container\">\n\t\t\t\t\t\t\t<span style=\"font-weight: 400;\">Na Marca Tours, queremos ter a certeza de que se diverte durante a sua viagem. Se tiver algum pedido especial, por favor informe-nos quando reservar a sua viagem. Faremos o nosso melhor para as cumprir, mas n\u00e3o podemos prometer que podemos fazer tudo, como reservar lugares espec\u00edficos.  <\/span>\n<span style=\"font-weight: 400;\">Faremos o nosso melhor para informar os nossos fornecedores sobre os seus pedidos, mas por vezes n\u00e3o \u00e9 poss\u00edvel faz\u00ea-lo. Saiba que tentaremos sempre tornar a sua experi\u00eancia especial e agrad\u00e1vel, mesmo que n\u00e3o possamos satisfazer todos os seus pedidos.<\/span>\t\t\t\t\t\t<\/div>\n\t\t\t\t<\/div>\n\t\t\t\t\t<\/div>\n\t\t<\/div>\n\t\t\t\t\t\t\t<\/div>\n\t\t<\/section>\n\t\t\t\t<section class=\"elementor-section elementor-top-section elementor-element elementor-element-b0ec845 elementor-section-boxed elementor-section-height-default elementor-section-height-default\" data-id=\"b0ec845\" data-element_type=\"section\">\n\t\t\t\t\t\t<div class=\"elementor-container elementor-column-gap-default\">\n\t\t\t\t\t<div class=\"elementor-column elementor-col-100 elementor-top-column elementor-element elementor-element-8c8e6a4\" data-id=\"8c8e6a4\" data-element_type=\"column\">\n\t\t\t<div class=\"elementor-widget-wrap elementor-element-populated\">\n\t\t\t\t\t\t\t\t<div class=\"elementor-element elementor-element-9dbc76f elementor-widget elementor-widget-heading\" data-id=\"9dbc76f\" data-element_type=\"widget\" data-widget_type=\"heading.default\">\n\t\t\t\t<div class=\"elementor-widget-container\">\n\t\t\t<h2 class=\"elementor-heading-title elementor-size-default\">Despesas pessoais :<\/h2>\t\t<\/div>\n\t\t\t\t<\/div>\n\t\t\t\t<div class=\"elementor-element elementor-element-bda15c7 elementor-widget elementor-widget-text-editor\" data-id=\"bda15c7\" data-element_type=\"widget\" data-widget_type=\"text-editor.default\">\n\t\t\t\t<div class=\"elementor-widget-container\">\n\t\t\t\t\t\t\t<p>Quando visitar o Egito, queremos que tenha a melhor experi\u00eancia poss\u00edvel. \u00c9 por isso que inclu\u00edmos no seu itiner\u00e1rio visitas guiadas aos pontos tur\u00edsticos mais impressionantes. No entanto, note-se que as despesas pessoais, tais como gorjetas e taxas de visto, n\u00e3o est\u00e3o inclu\u00eddas. Pode pag\u00e1-las do seu pr\u00f3prio bolso. N\u00e3o cobramos quaisquer taxas ou impostos adicionais.<\/p>\n\t\t\t\t\t\t<\/div>\n\t\t\t\t<\/div>\n\t\t\t\t\t<\/div>\n\t\t<\/div>\n\t\t\t\t\t\t\t<\/div>\n\t\t<\/section>\n\t\t\t\t<section class=\"elementor-section elementor-top-section elementor-element elementor-element-ab82107 elementor-section-boxed elementor-section-height-default elementor-section-height-default\" data-id=\"ab82107\" data-element_type=\"section\">\n\t\t\t\t\t\t<div class=\"elementor-container elementor-column-gap-default\">\n\t\t\t\t\t<div class=\"elementor-column elementor-col-100 elementor-top-column elementor-element elementor-element-7129b9a\" data-id=\"7129b9a\" data-element_type=\"column\">\n\t\t\t<div class=\"elementor-widget-wrap elementor-element-populated\">\n\t\t\t\t\t\t\t\t<div class=\"elementor-element elementor-element-f2c3b00 elementor-widget elementor-widget-heading\" data-id=\"f2c3b00\" data-element_type=\"widget\" data-widget_type=\"heading.default\">\n\t\t\t\t<div class=\"elementor-widget-container\">\n\t\t\t<h2 class=\"elementor-heading-title elementor-size-default\">Responsabilidade :<\/h2>\t\t<\/div>\n\t\t\t\t<\/div>\n\t\t\t\t<div class=\"elementor-element elementor-element-1c58aff elementor-widget elementor-widget-text-editor\" data-id=\"1c58aff\" data-element_type=\"widget\" data-widget_type=\"text-editor.default\">\n\t\t\t\t<div class=\"elementor-widget-container\">\n\t\t\t\t\t\t\tEstamos empenhados na sua seguran\u00e7a e satisfa\u00e7\u00e3o durante a sua viagem ao Egito connosco. No entanto, queremos certificar-nos de que tem conhecimento de que n\u00e3o podemos ser responsabilizados por qualquer doen\u00e7a, les\u00e3o, atraso ou dano que possa ocorrer durante a sua viagem. Al\u00e9m disso, n\u00e3o podemos ser responsabilizados por quaisquer cancelamentos efectuados por hot\u00e9is ou restaurantes ou por quaisquer eventos imprevis\u00edveis, tais como condi\u00e7\u00f5es meteorol\u00f3gicas extremas, guerra, dist\u00farbios civis, roubo ou avarias mec\u00e2nicas.<\/span>\n<span style=\"font-weight: 400;\">Recomendamos a subscri\u00e7\u00e3o de um seguro de viagem para garantir a sua cobertura em caso de incidentes infelizes. N\u00e3o ser\u00e3o cobradas quaisquer taxas adicionais.\t\t\t\t\t\t<\/div>\n\t\t\t\t<\/div>\n\t\t\t\t\t<\/div>\n\t\t<\/div>\n\t\t\t\t\t\t\t<\/div>\n\t\t<\/section>\n\t\t\t\t<section class=\"elementor-section elementor-top-section elementor-element elementor-element-fd0333b elementor-section-boxed elementor-section-height-default elementor-section-height-default\" data-id=\"fd0333b\" data-element_type=\"section\">\n\t\t\t\t\t\t<div class=\"elementor-container elementor-column-gap-default\">\n\t\t\t\t\t<div class=\"elementor-column elementor-col-100 elementor-top-column elementor-element elementor-element-d2cd2da\" data-id=\"d2cd2da\" data-element_type=\"column\">\n\t\t\t<div class=\"elementor-widget-wrap elementor-element-populated\">\n\t\t\t\t\t\t\t\t<div class=\"elementor-element elementor-element-c55e858 elementor-widget elementor-widget-heading\" data-id=\"c55e858\" data-element_type=\"widget\" data-widget_type=\"heading.default\">\n\t\t\t\t<div class=\"elementor-widget-container\">\n\t\t\t<h2 class=\"elementor-heading-title elementor-size-default\">Fot\u00f3grafo :\n<\/h2>\t\t<\/div>\n\t\t\t\t<\/div>\n\t\t\t\t<div class=\"elementor-element elementor-element-e99fc33 elementor-widget elementor-widget-text-editor\" data-id=\"e99fc33\" data-element_type=\"widget\" data-widget_type=\"text-editor.default\">\n\t\t\t\t<div class=\"elementor-widget-container\">\n\t\t\t\t\t\t\t<p>\n            <span style=\"font-weight: 400;\">Durante a sua viagem, o operador tur\u00edstico pode tirar fotografias e fazer v\u00eddeos seus para fins publicit\u00e1rios. No entanto, pedir\u00e3o sempre primeiro a sua autoriza\u00e7\u00e3o. Se n\u00e3o quiser aparecer em nenhuma fotografia ou v\u00eddeo, por favor informe o consultor de viagens.  <\/span>\n          <\/p>\n\t\t\t\t\t\t<\/div>\n\t\t\t\t<\/div>\n\t\t\t\t\t<\/div>\n\t\t<\/div>\n\t\t\t\t\t\t\t<\/div>\n\t\t<\/section>\n\t\t\t\t\t\t\t<\/div>\n\t\t","protected":false},"excerpt":{"rendered":"<p>Pol\u00edtica de reserva e pagamento: No momento da reserva, \u00e9 necess\u00e1rio pagar pelo menos um dep\u00f3sito de 30% do pre\u00e7o total da excurs\u00e3o para confirmar a reserva e garantir o espa\u00e7o e o resto do montante pode ser pago \u00e0 sua chegada em dinheiro para facilitar ao m\u00e1ximo o processo de pagamento. O pagamento do [&hellip;]<\/p>\n","protected":false},"author":1,"featured_media":0,"parent":0,"menu_order":0,"comment_status":"closed","ping_status":"closed","template":"","meta":{"footnotes":""},"class_list":["post-10863","page","type-page","status-publish","hentry"],"_links":{"self":[{"href":"https:\/\/marcatours.com\/pt-pt\/wp-json\/wp\/v2\/pages\/10863","targetHints":{"allow":["GET"]}}],"collection":[{"href":"https:\/\/marcatours.com\/pt-pt\/wp-json\/wp\/v2\/pages"}],"about":[{"href":"https:\/\/marcatours.com\/pt-pt\/wp-json\/wp\/v2\/types\/page"}],"author":[{"embeddable":true,"href":"https:\/\/marcatours.com\/pt-pt\/wp-json\/wp\/v2\/users\/1"}],"replies":[{"embeddable":true,"href":"https:\/\/marcatours.com\/pt-pt\/wp-json\/wp\/v2\/comments?post=10863"}],"version-history":[{"count":5,"href":"https:\/\/marcatours.com\/pt-pt\/wp-json\/wp\/v2\/pages\/10863\/revisions"}],"predecessor-version":[{"id":12561,"href":"https:\/\/marcatours.com\/pt-pt\/wp-json\/wp\/v2\/pages\/10863\/revisions\/12561"}],"wp:attachment":[{"href":"https:\/\/marcatours.com\/pt-pt\/wp-json\/wp\/v2\/media?parent=10863"}],"curies":[{"name":"wp","href":"https:\/\/api.w.org\/{rel}","templated":true}]}}