{"id":13410,"date":"2023-08-20T11:21:29","date_gmt":"2023-08-20T11:21:29","guid":{"rendered":"https:\/\/marcatours.com\/product\/visita-guiada-privada-de-dia-inteiro-a-alexandria-a-partir-do-cairo\/"},"modified":"2024-09-12T13:44:07","modified_gmt":"2024-09-12T13:44:07","slug":"visita-guiada-privada-de-dia-inteiro-a-alexandria-a-partir-do-cairo","status":"publish","type":"product","link":"https:\/\/marcatours.com\/pt-pt\/produto\/visita-guiada-privada-de-dia-inteiro-a-alexandria-a-partir-do-cairo\/","title":{"rendered":"Visita guiada privada de dia inteiro a Alexandria a partir do Cairo"},"content":{"rendered":"\t\t<div data-elementor-type=\"wp-post\" data-elementor-id=\"13410\" class=\"elementor elementor-13410 elementor-6614\">\n\t\t\t\t\t\t\t\t\t<section class=\"elementor-section elementor-top-section elementor-element elementor-element-ce60abc elementor-section-boxed elementor-section-height-default elementor-section-height-default\" data-id=\"ce60abc\" data-element_type=\"section\">\n\t\t\t\t\t\t<div class=\"elementor-container elementor-column-gap-default\">\n\t\t\t\t\t<div class=\"elementor-column elementor-col-100 elementor-top-column elementor-element elementor-element-7a39180\" data-id=\"7a39180\" data-element_type=\"column\">\n\t\t\t<div class=\"elementor-widget-wrap elementor-element-populated\">\n\t\t\t\t\t\t\t\t<div class=\"elementor-element elementor-element-de6a611 elementor-widget elementor-widget-text-editor\" data-id=\"de6a611\" data-element_type=\"widget\" data-widget_type=\"text-editor.default\">\n\t\t\t\t<div class=\"elementor-widget-container\">\n\t\t\t<style>\/*! elementor - v3.16.0 - 13-09-2023 *\/\n.elementor-widget-text-editor.elementor-drop-cap-view-stacked .elementor-drop-cap{background-color:#69727d;color:#fff}.elementor-widget-text-editor.elementor-drop-cap-view-framed .elementor-drop-cap{color:#69727d;border:3px solid;background-color:transparent}.elementor-widget-text-editor:not(.elementor-drop-cap-view-default) .elementor-drop-cap{margin-top:8px}.elementor-widget-text-editor:not(.elementor-drop-cap-view-default) .elementor-drop-cap-letter{width:1em;height:1em}.elementor-widget-text-editor .elementor-drop-cap{float:left;text-align:center;line-height:1;font-size:50px}.elementor-widget-text-editor .elementor-drop-cap-letter{display:inline-block}<\/style>\t\t\t\t<h2>Vis\u00e3o geral<\/h2>\n<p class=\"defaultParag\">Explora alguns dos s\u00edtios arqueol\u00f3gicos mais emblem\u00e1ticos do Cairo em apenas um dia, incluindo as Grandes Pir\u00e2mides de Giz\u00e9, a antiga cidade de Memphis e a necr\u00f3pole de Sakkara.\nEste passeio oferece uma experi\u00eancia rica e imersiva, permitindo-te mergulhar profundamente no passado antigo do Egito.\n\u00c9 imperd\u00edvel para os entusiastas da hist\u00f3ria, os amantes da arqueologia e qualquer pessoa com uma paix\u00e3o por desvendar os mist\u00e9rios de uma das civiliza\u00e7\u00f5es mais cativantes do mundo.\nReserva j\u00e1 e come\u00e7a o teu dia!   <\/p>\t\t\t\t\t\t<\/div>\n\t\t\t\t<\/div>\n\t\t\t\t\t<\/div>\n\t\t<\/div>\n\t\t\t\t\t\t\t<\/div>\n\t\t<\/section>\n\t\t\t\t\t\t\t<\/div>\n\t\t","protected":false},"excerpt":{"rendered":"<p>Vis\u00e3o geral Explora alguns dos s\u00edtios arqueol\u00f3gicos mais emblem\u00e1ticos do Cairo em apenas um dia, incluindo as Grandes Pir\u00e2mides de Giz\u00e9, a antiga cidade de Memphis e a necr\u00f3pole de Sakkara. Este passeio oferece uma experi\u00eancia rica e imersiva, permitindo-te mergulhar profundamente no passado antigo do Egito. \u00c9 imperd\u00edvel para os entusiastas da hist\u00f3ria, os [&hellip;]<\/p>\n","protected":false},"featured_media":9959,"comment_status":"open","ping_status":"closed","template":"","meta":[],"product_cat":[147],"product_tag":[],"class_list":{"0":"post-13410","1":"product","2":"type-product","3":"status-publish","4":"has-post-thumbnail","6":"brw_category-1-day-pt-pt","7":"brw_category-day-tours-pt-pt","8":"brw_destination-egypt-pt","9":"brw_parent_category-day-tours-pt-pt","10":"brw_duration-1-day-pt-pt","11":"product_cat-sem-categoria","13":"first","14":"instock","15":"virtual","16":"purchasable","17":"product-type-ovabrw_car_rental"},"_links":{"self":[{"href":"https:\/\/marcatours.com\/pt-pt\/wp-json\/wp\/v2\/product\/13410","targetHints":{"allow":["GET"]}}],"collection":[{"href":"https:\/\/marcatours.com\/pt-pt\/wp-json\/wp\/v2\/product"}],"about":[{"href":"https:\/\/marcatours.com\/pt-pt\/wp-json\/wp\/v2\/types\/product"}],"replies":[{"embeddable":true,"href":"https:\/\/marcatours.com\/pt-pt\/wp-json\/wp\/v2\/comments?post=13410"}],"version-history":[{"count":1,"href":"https:\/\/marcatours.com\/pt-pt\/wp-json\/wp\/v2\/product\/13410\/revisions"}],"predecessor-version":[{"id":13411,"href":"https:\/\/marcatours.com\/pt-pt\/wp-json\/wp\/v2\/product\/13410\/revisions\/13411"}],"wp:featuredmedia":[{"embeddable":true,"href":"https:\/\/marcatours.com\/pt-pt\/wp-json\/wp\/v2\/media\/9959"}],"wp:attachment":[{"href":"https:\/\/marcatours.com\/pt-pt\/wp-json\/wp\/v2\/media?parent=13410"}],"wp:term":[{"taxonomy":"product_cat","embeddable":true,"href":"https:\/\/marcatours.com\/pt-pt\/wp-json\/wp\/v2\/product_cat?post=13410"},{"taxonomy":"product_tag","embeddable":true,"href":"https:\/\/marcatours.com\/pt-pt\/wp-json\/wp\/v2\/product_tag?post=13410"}],"curies":[{"name":"wp","href":"https:\/\/api.w.org\/{rel}","templated":true}]}}